{"id":914,"date":"2023-12-12T07:08:20","date_gmt":"2023-12-12T06:08:20","guid":{"rendered":"https:\/\/loteriamoia.com\/quintuple-plus\/"},"modified":"2024-11-08T10:10:46","modified_gmt":"2024-11-08T09:10:46","slug":"quintuple-plus","status":"publish","type":"page","link":"https:\/\/loteriamoia.com\/es\/sorteos\/quintuple-plus\/","title":{"rendered":"Qu\u00edntuple Plus"},"content":{"rendered":"\t\t<div data-elementor-type=\"wp-page\" data-elementor-id=\"914\" class=\"elementor elementor-914 elementor-457\" data-elementor-post-type=\"page\">\n\t\t\t\t<div class=\"elementor-element elementor-element-5760afdf e-flex e-con-boxed e-con e-parent\" data-id=\"5760afdf\" data-element_type=\"container\" data-e-type=\"container\">\n\t\t\t\t\t<div class=\"e-con-inner\">\n\t\t<div class=\"elementor-element elementor-element-5aa31bea e-con-full e-flex e-con e-child\" data-id=\"5aa31bea\" data-element_type=\"container\" data-e-type=\"container\">\n\t\t\t\t<div class=\"elementor-element elementor-element-ec41c2b elementor-widget elementor-widget-heading\" data-id=\"ec41c2b\" data-element_type=\"widget\" data-e-type=\"widget\" data-widget_type=\"heading.default\">\n\t\t\t\t<div class=\"elementor-widget-container\">\n\t\t\t\t\t<h1 class=\"elementor-heading-title elementor-size-default\">Qu\u00edntuple Plus<\/h1>\t\t\t\t<\/div>\n\t\t\t\t<\/div>\n\t\t\t\t<div class=\"elementor-element elementor-element-a0ca49a elementor-widget-divider--view-line elementor-widget elementor-widget-divider\" data-id=\"a0ca49a\" data-element_type=\"widget\" data-e-type=\"widget\" data-widget_type=\"divider.default\">\n\t\t\t\t<div class=\"elementor-widget-container\">\n\t\t\t\t\t\t\t<div class=\"elementor-divider\">\n\t\t\t<span class=\"elementor-divider-separator\">\n\t\t\t\t\t\t<\/span>\n\t\t<\/div>\n\t\t\t\t\t\t<\/div>\n\t\t\t\t<\/div>\n\t\t\t\t<\/div>\n\t\t\t\t\t<\/div>\n\t\t\t\t<\/div>\n\t\t<div class=\"elementor-element elementor-element-638e33e e-flex e-con-boxed e-con e-parent\" data-id=\"638e33e\" data-element_type=\"container\" data-e-type=\"container\">\n\t\t\t\t\t<div class=\"e-con-inner\">\n\t\t<div class=\"elementor-element elementor-element-60ed0416 e-flex e-con-boxed e-con e-child\" data-id=\"60ed0416\" data-element_type=\"container\" data-e-type=\"container\" data-settings=\"{&quot;background_background&quot;:&quot;classic&quot;}\">\n\t\t\t\t\t<div class=\"e-con-inner\">\n\t\t\t\t<div class=\"elementor-element elementor-element-68f376c2 elementor-widget elementor-widget-heading\" data-id=\"68f376c2\" data-element_type=\"widget\" data-e-type=\"widget\" data-widget_type=\"heading.default\">\n\t\t\t\t<div class=\"elementor-widget-container\">\n\t\t\t\t\t<h2 class=\"elementor-heading-title elementor-size-default\">Participa al Qu\u00edntuple Plus a Moi\u00e0<\/h2>\t\t\t\t<\/div>\n\t\t\t\t<\/div>\n\t\t\t\t<div class=\"elementor-element elementor-element-541cdea3 elementor-widget elementor-widget-text-editor\" data-id=\"541cdea3\" data-element_type=\"widget\" data-e-type=\"widget\" data-widget_type=\"text-editor.default\">\n\t\t\t\t<div class=\"elementor-widget-container\">\n\t\t\t\t\t\t\t\t\t<p><b>Vine a la nostra administraci\u00f3 al carrer Sant Antoni<\/b> o contacta amb nosaltres.<\/p>\t\t\t\t\t\t\t\t<\/div>\n\t\t\t\t<\/div>\n\t\t\t\t<div class=\"elementor-element elementor-element-71b9d625 elementor-widget elementor-widget-button\" data-id=\"71b9d625\" data-element_type=\"widget\" data-e-type=\"widget\" data-widget_type=\"button.default\">\n\t\t\t\t<div class=\"elementor-widget-container\">\n\t\t\t\t\t\t\t\t\t<div class=\"elementor-button-wrapper\">\n\t\t\t\t\t<a class=\"elementor-button elementor-button-link elementor-size-sm elementor-animation-grow\" href=\"https:\/\/loteriamoia.com\/contacte\/\">\n\t\t\t\t\t\t<span class=\"elementor-button-content-wrapper\">\n\t\t\t\t\t\t\t\t\t<span class=\"elementor-button-text\">CONTACTA AMB NOSALTRES<\/span>\n\t\t\t\t\t<\/span>\n\t\t\t\t\t<\/a>\n\t\t\t\t<\/div>\n\t\t\t\t\t\t\t\t<\/div>\n\t\t\t\t<\/div>\n\t\t\t\t\t<\/div>\n\t\t\t\t<\/div>\n\t\t\t\t\t<\/div>\n\t\t\t\t<\/div>\n\t\t<div class=\"elementor-element elementor-element-2cd96cdb e-flex e-con-boxed e-con e-parent\" data-id=\"2cd96cdb\" data-element_type=\"container\" data-e-type=\"container\">\n\t\t\t\t\t<div class=\"e-con-inner\">\n\t\t<div class=\"elementor-element elementor-element-18965441 e-con-full e-flex e-con e-child\" data-id=\"18965441\" data-element_type=\"container\" data-e-type=\"container\">\n\t\t\t\t<div class=\"elementor-element elementor-element-69b95208 elementor-widget elementor-widget-text-editor\" data-id=\"69b95208\" data-element_type=\"widget\" data-e-type=\"widget\" data-widget_type=\"text-editor.default\">\n\t\t\t\t<div class=\"elementor-widget-container\">\n\t\t\t\t\t\t\t\t\t<h2>Com es juga al Qu\u00edntuple Plus?<\/h2><p>Cada aposta de Qu\u00edntuple Plus consisteix a seleccionar el dorsal dels guanyadors de les 5 primeres curses de la jornada de Turf associada i el dorsal del segon classificat de la 5a cursa.<\/p><p>Al Qu\u00edntuple Plus es destina el 55% de la recaptaci\u00f3 a premis.<\/p>\t\t\t\t\t\t\t\t<\/div>\n\t\t\t\t<\/div>\n\t\t\t\t<\/div>\n\t\t<div class=\"elementor-element elementor-element-6810baff e-con-full e-flex e-con e-child\" data-id=\"6810baff\" data-element_type=\"container\" data-e-type=\"container\">\n\t\t\t\t<div class=\"elementor-element elementor-element-2c7a95cf elementor-widget elementor-widget-image\" data-id=\"2c7a95cf\" data-element_type=\"widget\" data-e-type=\"widget\" data-widget_type=\"image.default\">\n\t\t\t\t<div class=\"elementor-widget-container\">\n\t\t\t\t\t\t\t\t\t\t\t\t\t\t\t<img fetchpriority=\"high\" decoding=\"async\" width=\"304\" height=\"240\" src=\"https:\/\/loteriamoia.com\/wp-content\/uploads\/2023\/11\/cabecera_QuintupleAJ_topaz.png\" class=\"attachment-large size-large wp-image-889\" alt=\"\" srcset=\"https:\/\/loteriamoia.com\/wp-content\/uploads\/2023\/11\/cabecera_QuintupleAJ_topaz.png 304w, https:\/\/loteriamoia.com\/wp-content\/uploads\/2023\/11\/cabecera_QuintupleAJ_topaz-300x237.png 300w\" sizes=\"(max-width: 304px) 100vw, 304px\" \/>\t\t\t\t\t\t\t\t\t\t\t\t\t\t\t<\/div>\n\t\t\t\t<\/div>\n\t\t\t\t<div class=\"elementor-element elementor-element-66816bfc elementor-widget elementor-widget-shortcode\" data-id=\"66816bfc\" data-element_type=\"widget\" data-e-type=\"widget\" data-widget_type=\"shortcode.default\">\n\t\t\t\t<div class=\"elementor-widget-container\">\n\t\t\t\t\t\t\t<div class=\"elementor-shortcode\"><\/div>\n\t\t\t\t\t\t<\/div>\n\t\t\t\t<\/div>\n\t\t\t\t<\/div>\n\t\t\t\t\t<\/div>\n\t\t\t\t<\/div>\n\t\t\t\t<\/div>\n\t\t","protected":false},"excerpt":{"rendered":"<p>No hi ha dades Veure tots els resultatsa Participa al Qu\u00edntuple Plus a Moi\u00e0 Vine a la nostra administraci\u00f3 al carrer Sant Antoni o contacta amb nosaltres. CONTACTA AMB NOSALTRES Com es juga al Qu\u00edntuple Plus? Cada aposta de Qu\u00edntuple Plus consisteix a seleccionar el dorsal dels guanyadors de les 5 primeres curses de la [&hellip;]<\/p>\n","protected":false},"author":1,"featured_media":0,"parent":927,"menu_order":0,"comment_status":"closed","ping_status":"closed","template":"","meta":{"footnotes":""},"class_list":["post-914","page","type-page","status-publish","hentry"],"_links":{"self":[{"href":"https:\/\/loteriamoia.com\/es\/wp-json\/wp\/v2\/pages\/914","targetHints":{"allow":["GET"]}}],"collection":[{"href":"https:\/\/loteriamoia.com\/es\/wp-json\/wp\/v2\/pages"}],"about":[{"href":"https:\/\/loteriamoia.com\/es\/wp-json\/wp\/v2\/types\/page"}],"author":[{"embeddable":true,"href":"https:\/\/loteriamoia.com\/es\/wp-json\/wp\/v2\/users\/1"}],"replies":[{"embeddable":true,"href":"https:\/\/loteriamoia.com\/es\/wp-json\/wp\/v2\/comments?post=914"}],"version-history":[{"count":1,"href":"https:\/\/loteriamoia.com\/es\/wp-json\/wp\/v2\/pages\/914\/revisions"}],"predecessor-version":[{"id":938,"href":"https:\/\/loteriamoia.com\/es\/wp-json\/wp\/v2\/pages\/914\/revisions\/938"}],"up":[{"embeddable":true,"href":"https:\/\/loteriamoia.com\/es\/wp-json\/wp\/v2\/pages\/927"}],"wp:attachment":[{"href":"https:\/\/loteriamoia.com\/es\/wp-json\/wp\/v2\/media?parent=914"}],"curies":[{"name":"wp","href":"https:\/\/api.w.org\/{rel}","templated":true}]}}