{"id":916,"date":"2023-11-29T17:00:29","date_gmt":"2023-11-29T16:00:29","guid":{"rendered":"https:\/\/loteriamoia.com\/el-quinigol\/"},"modified":"2024-11-08T10:10:44","modified_gmt":"2024-11-08T09:10:44","slug":"el-quinigol","status":"publish","type":"page","link":"https:\/\/loteriamoia.com\/es\/sorteos\/el-quinigol\/","title":{"rendered":"El Quinigol"},"content":{"rendered":"\t\t<div data-elementor-type=\"wp-page\" data-elementor-id=\"916\" class=\"elementor elementor-916 elementor-67\" data-elementor-post-type=\"page\">\n\t\t\t\t<div class=\"elementor-element elementor-element-1dbf5bf6 e-flex e-con-boxed e-con e-parent\" data-id=\"1dbf5bf6\" data-element_type=\"container\" data-e-type=\"container\">\n\t\t\t\t\t<div class=\"e-con-inner\">\n\t\t<div class=\"elementor-element elementor-element-572f4744 e-con-full e-flex e-con e-child\" data-id=\"572f4744\" data-element_type=\"container\" data-e-type=\"container\">\n\t\t\t\t<div class=\"elementor-element elementor-element-799cf031 elementor-widget elementor-widget-heading\" data-id=\"799cf031\" data-element_type=\"widget\" data-e-type=\"widget\" data-widget_type=\"heading.default\">\n\t\t\t\t<div class=\"elementor-widget-container\">\n\t\t\t\t\t<h1 class=\"elementor-heading-title elementor-size-default\">El Quinigol<\/h1>\t\t\t\t<\/div>\n\t\t\t\t<\/div>\n\t\t\t\t<div class=\"elementor-element elementor-element-2b85365a elementor-widget-divider--view-line elementor-widget elementor-widget-divider\" data-id=\"2b85365a\" data-element_type=\"widget\" data-e-type=\"widget\" data-widget_type=\"divider.default\">\n\t\t\t\t<div class=\"elementor-widget-container\">\n\t\t\t\t\t\t\t<div class=\"elementor-divider\">\n\t\t\t<span class=\"elementor-divider-separator\">\n\t\t\t\t\t\t<\/span>\n\t\t<\/div>\n\t\t\t\t\t\t<\/div>\n\t\t\t\t<\/div>\n\t\t\t\t<\/div>\n\t\t\t\t\t<\/div>\n\t\t\t\t<\/div>\n\t\t<div class=\"elementor-element elementor-element-6082c78f e-flex e-con-boxed e-con e-parent\" data-id=\"6082c78f\" data-element_type=\"container\" data-e-type=\"container\">\n\t\t\t\t\t<div class=\"e-con-inner\">\n\t\t<div class=\"elementor-element elementor-element-137f2fa0 e-flex e-con-boxed e-con e-child\" data-id=\"137f2fa0\" data-element_type=\"container\" data-e-type=\"container\" data-settings=\"{&quot;background_background&quot;:&quot;classic&quot;}\">\n\t\t\t\t\t<div class=\"e-con-inner\">\n\t\t\t\t<div class=\"elementor-element elementor-element-1230e03f elementor-widget elementor-widget-heading\" data-id=\"1230e03f\" data-element_type=\"widget\" data-e-type=\"widget\" data-widget_type=\"heading.default\">\n\t\t\t\t<div class=\"elementor-widget-container\">\n\t\t\t\t\t<h2 class=\"elementor-heading-title elementor-size-default\">Participa al Quinigol a Moi\u00e0<\/h2>\t\t\t\t<\/div>\n\t\t\t\t<\/div>\n\t\t\t\t<div class=\"elementor-element elementor-element-19300453 elementor-widget elementor-widget-text-editor\" data-id=\"19300453\" data-element_type=\"widget\" data-e-type=\"widget\" data-widget_type=\"text-editor.default\">\n\t\t\t\t<div class=\"elementor-widget-container\">\n\t\t\t\t\t\t\t\t\t<p><b>Vine a la nostra administraci\u00f3 al carrer Sant Antoni<\/b> o contacta amb nosaltres.<\/p>\t\t\t\t\t\t\t\t<\/div>\n\t\t\t\t<\/div>\n\t\t\t\t<div class=\"elementor-element elementor-element-28326213 elementor-widget elementor-widget-button\" data-id=\"28326213\" data-element_type=\"widget\" data-e-type=\"widget\" data-widget_type=\"button.default\">\n\t\t\t\t<div class=\"elementor-widget-container\">\n\t\t\t\t\t\t\t\t\t<div class=\"elementor-button-wrapper\">\n\t\t\t\t\t<a class=\"elementor-button elementor-button-link elementor-size-sm elementor-animation-grow\" href=\"https:\/\/loteriamoia.com\/contacte\/\">\n\t\t\t\t\t\t<span class=\"elementor-button-content-wrapper\">\n\t\t\t\t\t\t\t\t\t<span class=\"elementor-button-text\">CONTACTA AMB NOSALTRES<\/span>\n\t\t\t\t\t<\/span>\n\t\t\t\t\t<\/a>\n\t\t\t\t<\/div>\n\t\t\t\t\t\t\t\t<\/div>\n\t\t\t\t<\/div>\n\t\t\t\t\t<\/div>\n\t\t\t\t<\/div>\n\t\t\t\t\t<\/div>\n\t\t\t\t<\/div>\n\t\t<div class=\"elementor-element elementor-element-58dcc72e e-flex e-con-boxed e-con e-parent\" data-id=\"58dcc72e\" data-element_type=\"container\" data-e-type=\"container\">\n\t\t\t\t\t<div class=\"e-con-inner\">\n\t\t<div class=\"elementor-element elementor-element-7f5b701a e-con-full e-flex e-con e-child\" data-id=\"7f5b701a\" data-element_type=\"container\" data-e-type=\"container\">\n\t\t\t\t<div class=\"elementor-element elementor-element-322582d9 elementor-widget elementor-widget-text-editor\" data-id=\"322582d9\" data-element_type=\"widget\" data-e-type=\"widget\" data-widget_type=\"text-editor.default\">\n\t\t\t\t<div class=\"elementor-widget-container\">\n\t\t\t\t\t\t\t\t\t<h2>Qu\u00e8 \u00e9s El Quinigol?<\/h2><p>El Quinigol \u00e9s un joc d&#8217;apostes futbol\u00edstiques similar a La Quiniela per\u00f2 simplificat. En comptes de fer una predicci\u00f3 sobre 14 partits, es fa una predicci\u00f3 sobre 6.<\/p><h2>Com es juga a El Quinigol?<\/h2><p>Per jugar a El Quinigol, s&#8217;ha de seleccionar el resultat exacte de 6 partits de la jornada de futbol associada. 3 o m\u00e9s gols s&#8217;indiquen amb el signe M.<\/p>\t\t\t\t\t\t\t\t<\/div>\n\t\t\t\t<\/div>\n\t\t\t\t<\/div>\n\t\t<div class=\"elementor-element elementor-element-379e2515 e-con-full e-flex e-con e-child\" data-id=\"379e2515\" data-element_type=\"container\" data-e-type=\"container\">\n\t\t\t\t<div class=\"elementor-element elementor-element-502fe120 elementor-widget elementor-widget-image\" data-id=\"502fe120\" data-element_type=\"widget\" data-e-type=\"widget\" data-widget_type=\"image.default\">\n\t\t\t\t<div class=\"elementor-widget-container\">\n\t\t\t\t\t\t\t\t\t\t\t\t\t\t\t<img fetchpriority=\"high\" decoding=\"async\" width=\"331\" height=\"184\" src=\"https:\/\/loteriamoia.com\/wp-content\/uploads\/2023\/11\/cabecera_QuinigolAJ_topaz-1.png\" class=\"attachment-large size-large wp-image-878\" alt=\"\" srcset=\"https:\/\/loteriamoia.com\/wp-content\/uploads\/2023\/11\/cabecera_QuinigolAJ_topaz-1.png 331w, https:\/\/loteriamoia.com\/wp-content\/uploads\/2023\/11\/cabecera_QuinigolAJ_topaz-1-300x167.png 300w\" sizes=\"(max-width: 331px) 100vw, 331px\" \/>\t\t\t\t\t\t\t\t\t\t\t\t\t\t\t<\/div>\n\t\t\t\t<\/div>\n\t\t\t\t<div class=\"elementor-element elementor-element-13cdcf4a elementor-widget elementor-widget-shortcode\" data-id=\"13cdcf4a\" data-element_type=\"widget\" data-e-type=\"widget\" data-widget_type=\"shortcode.default\">\n\t\t\t\t<div class=\"elementor-widget-container\">\n\t\t\t\t\t\t\t<div class=\"elementor-shortcode\"><\/div>\n\t\t\t\t\t\t<\/div>\n\t\t\t\t<\/div>\n\t\t\t\t<\/div>\n\t\t\t\t\t<\/div>\n\t\t\t\t<\/div>\n\t\t\t\t<\/div>\n\t\t","protected":false},"excerpt":{"rendered":"<p>No hi ha dades Veure tots els resultats Participa al Quinigol a Moi\u00e0 Vine a la nostra administraci\u00f3 al carrer Sant Antoni o contacta amb nosaltres. CONTACTA AMB NOSALTRES Qu\u00e8 \u00e9s El Quinigol? El Quinigol \u00e9s un joc d&#8217;apostes futbol\u00edstiques similar a La Quiniela per\u00f2 simplificat. En comptes de fer una predicci\u00f3 sobre 14 partits, [&hellip;]<\/p>\n","protected":false},"author":1,"featured_media":0,"parent":927,"menu_order":0,"comment_status":"closed","ping_status":"closed","template":"","meta":{"footnotes":""},"class_list":["post-916","page","type-page","status-publish","hentry"],"_links":{"self":[{"href":"https:\/\/loteriamoia.com\/es\/wp-json\/wp\/v2\/pages\/916","targetHints":{"allow":["GET"]}}],"collection":[{"href":"https:\/\/loteriamoia.com\/es\/wp-json\/wp\/v2\/pages"}],"about":[{"href":"https:\/\/loteriamoia.com\/es\/wp-json\/wp\/v2\/types\/page"}],"author":[{"embeddable":true,"href":"https:\/\/loteriamoia.com\/es\/wp-json\/wp\/v2\/users\/1"}],"replies":[{"embeddable":true,"href":"https:\/\/loteriamoia.com\/es\/wp-json\/wp\/v2\/comments?post=916"}],"version-history":[{"count":1,"href":"https:\/\/loteriamoia.com\/es\/wp-json\/wp\/v2\/pages\/916\/revisions"}],"predecessor-version":[{"id":935,"href":"https:\/\/loteriamoia.com\/es\/wp-json\/wp\/v2\/pages\/916\/revisions\/935"}],"up":[{"embeddable":true,"href":"https:\/\/loteriamoia.com\/es\/wp-json\/wp\/v2\/pages\/927"}],"wp:attachment":[{"href":"https:\/\/loteriamoia.com\/es\/wp-json\/wp\/v2\/media?parent=916"}],"curies":[{"name":"wp","href":"https:\/\/api.w.org\/{rel}","templated":true}]}}