{"id":918,"date":"2023-11-29T17:00:21","date_gmt":"2023-11-29T16:00:21","guid":{"rendered":"https:\/\/loteriamoia.com\/la-quiniela\/"},"modified":"2024-11-08T10:10:44","modified_gmt":"2024-11-08T09:10:44","slug":"la-quiniela","status":"publish","type":"page","link":"https:\/\/loteriamoia.com\/es\/sorteos\/la-quiniela\/","title":{"rendered":"La Quiniela"},"content":{"rendered":"\t\t<div data-elementor-type=\"wp-page\" data-elementor-id=\"918\" class=\"elementor elementor-918 elementor-66\" data-elementor-post-type=\"page\">\n\t\t\t\t<div class=\"elementor-element elementor-element-7df0d7a1 e-flex e-con-boxed e-con e-parent\" data-id=\"7df0d7a1\" data-element_type=\"container\" data-e-type=\"container\">\n\t\t\t\t\t<div class=\"e-con-inner\">\n\t\t<div class=\"elementor-element elementor-element-452c36d4 e-con-full e-flex e-con e-child\" data-id=\"452c36d4\" data-element_type=\"container\" data-e-type=\"container\">\n\t\t\t\t<div class=\"elementor-element elementor-element-14915ea7 elementor-widget elementor-widget-heading\" data-id=\"14915ea7\" data-element_type=\"widget\" data-e-type=\"widget\" data-widget_type=\"heading.default\">\n\t\t\t\t<div class=\"elementor-widget-container\">\n\t\t\t\t\t<h1 class=\"elementor-heading-title elementor-size-default\">La Quiniela<\/h1>\t\t\t\t<\/div>\n\t\t\t\t<\/div>\n\t\t\t\t<div class=\"elementor-element elementor-element-4c295163 elementor-widget-divider--view-line elementor-widget elementor-widget-divider\" data-id=\"4c295163\" data-element_type=\"widget\" data-e-type=\"widget\" data-widget_type=\"divider.default\">\n\t\t\t\t<div class=\"elementor-widget-container\">\n\t\t\t\t\t\t\t<div class=\"elementor-divider\">\n\t\t\t<span class=\"elementor-divider-separator\">\n\t\t\t\t\t\t<\/span>\n\t\t<\/div>\n\t\t\t\t\t\t<\/div>\n\t\t\t\t<\/div>\n\t\t\t\t<\/div>\n\t\t\t\t\t<\/div>\n\t\t\t\t<\/div>\n\t\t<div class=\"elementor-element elementor-element-4eb15a47 e-flex e-con-boxed e-con e-parent\" data-id=\"4eb15a47\" data-element_type=\"container\" data-e-type=\"container\">\n\t\t\t\t\t<div class=\"e-con-inner\">\n\t\t<div class=\"elementor-element elementor-element-23ad1c81 e-flex e-con-boxed e-con e-child\" data-id=\"23ad1c81\" data-element_type=\"container\" data-e-type=\"container\" data-settings=\"{&quot;background_background&quot;:&quot;classic&quot;}\">\n\t\t\t\t\t<div class=\"e-con-inner\">\n\t\t\t\t<div class=\"elementor-element elementor-element-3945fa8d elementor-widget elementor-widget-heading\" data-id=\"3945fa8d\" data-element_type=\"widget\" data-e-type=\"widget\" data-widget_type=\"heading.default\">\n\t\t\t\t<div class=\"elementor-widget-container\">\n\t\t\t\t\t<h2 class=\"elementor-heading-title elementor-size-default\">Participa a la La Quiniela a Moi\u00e0<\/h2>\t\t\t\t<\/div>\n\t\t\t\t<\/div>\n\t\t\t\t<div class=\"elementor-element elementor-element-2ca27a2f elementor-widget elementor-widget-text-editor\" data-id=\"2ca27a2f\" data-element_type=\"widget\" data-e-type=\"widget\" data-widget_type=\"text-editor.default\">\n\t\t\t\t<div class=\"elementor-widget-container\">\n\t\t\t\t\t\t\t\t\t<p><b>Vine a la nostra administraci\u00f3 al carrer Sant Antoni<\/b> o contacta amb nosaltres.<\/p>\t\t\t\t\t\t\t\t<\/div>\n\t\t\t\t<\/div>\n\t\t\t\t<div class=\"elementor-element elementor-element-5fdb817a elementor-widget elementor-widget-button\" data-id=\"5fdb817a\" data-element_type=\"widget\" data-e-type=\"widget\" data-widget_type=\"button.default\">\n\t\t\t\t<div class=\"elementor-widget-container\">\n\t\t\t\t\t\t\t\t\t<div class=\"elementor-button-wrapper\">\n\t\t\t\t\t<a class=\"elementor-button elementor-button-link elementor-size-sm elementor-animation-grow\" href=\"https:\/\/loteriamoia.com\/contacte\/\">\n\t\t\t\t\t\t<span class=\"elementor-button-content-wrapper\">\n\t\t\t\t\t\t\t\t\t<span class=\"elementor-button-text\">CONTACTA AMB NOSALTRES<\/span>\n\t\t\t\t\t<\/span>\n\t\t\t\t\t<\/a>\n\t\t\t\t<\/div>\n\t\t\t\t\t\t\t\t<\/div>\n\t\t\t\t<\/div>\n\t\t\t\t\t<\/div>\n\t\t\t\t<\/div>\n\t\t\t\t\t<\/div>\n\t\t\t\t<\/div>\n\t\t<div class=\"elementor-element elementor-element-2ea76676 e-flex e-con-boxed e-con e-parent\" data-id=\"2ea76676\" data-element_type=\"container\" data-e-type=\"container\">\n\t\t\t\t\t<div class=\"e-con-inner\">\n\t\t<div class=\"elementor-element elementor-element-7e412b1b e-con-full e-flex e-con e-child\" data-id=\"7e412b1b\" data-element_type=\"container\" data-e-type=\"container\">\n\t\t\t\t<div class=\"elementor-element elementor-element-50281ccc elementor-widget elementor-widget-text-editor\" data-id=\"50281ccc\" data-element_type=\"widget\" data-e-type=\"widget\" data-widget_type=\"text-editor.default\">\n\t\t\t\t<div class=\"elementor-widget-container\">\n\t\t\t\t\t\t\t\t\t<h2>Com es juga a la Quiniela?<\/h2><p>Cada aposta de La Quiniela consisteix a seleccionar el guanyador de 14 partits de la jornada de futbol associada, i el resultat exacte d&#8217;un partit m\u00e9s (el \u00abple al 15\u00bb), tenint en compte que 3 o m\u00e9s gols s&#8217;indiquen amb el signe M.<\/p><p>Si es pronostica com a guanyador el primer equip es marca el signe \u201c1\u201d, si es pronostica com a guanyador el segon equip es marca el signe \u201c2\u201d, i si es pronostica un empat, es marca el signe \u201cX\u201d.<\/p><p>A La Quiniela es destina el 55% de la recaptaci\u00f3 a premis.<\/p><h2>Combinacions d&#8217;apostes<\/h2><ul><li><strong>Apostes senzilles.<\/strong> En una \u00fanica butlleta pots fer fins a 8 pron\u00f2stics diferents per als 14 primers partits.\u00a0<\/li><li><strong>Apostes m\u00faltiples.<\/strong> En aquest cas pots fer una combinaci\u00f3 de m\u00e9s pron\u00f2stics per als 15 partits marcant diversos pron\u00f2stics a cada partit d&#8217;una sola vegada.<\/li><\/ul><h2>Elige8<\/h2><p>A m\u00e9s, amb cada aposta que facis, tens l&#8217;oportunitat de jugar a Elige8 per 0,50 \u20ac m\u00e9s, amb premis per a totes les teves butlletes que encertin els 8 partits que tri\u00efs.<\/p><p>Simplement en realitzar la teva aposta de La Quiniela tria participar a l&#8217;Elegie8 i marca els partits amb qu\u00e8 desitges participar amb els pron\u00f2stics indicats a la primera columna, en aquest joc.<\/p><p>Optar\u00e0s, per tant, a aquests premis a m\u00e9s dels habituals de La Quiniela.<\/p>\t\t\t\t\t\t\t\t<\/div>\n\t\t\t\t<\/div>\n\t\t\t\t<\/div>\n\t\t<div class=\"elementor-element elementor-element-65796c6f e-con-full e-flex e-con e-child\" data-id=\"65796c6f\" data-element_type=\"container\" data-e-type=\"container\">\n\t\t\t\t<div class=\"elementor-element elementor-element-138abe5b elementor-widget elementor-widget-image\" data-id=\"138abe5b\" data-element_type=\"widget\" data-e-type=\"widget\" data-widget_type=\"image.default\">\n\t\t\t\t<div class=\"elementor-widget-container\">\n\t\t\t\t\t\t\t\t\t\t\t\t\t\t\t<img fetchpriority=\"high\" decoding=\"async\" width=\"334\" height=\"188\" src=\"https:\/\/loteriamoia.com\/wp-content\/uploads\/2023\/11\/cabecera_LaQuinielaAJ_topaz.png\" class=\"attachment-large size-large wp-image-877\" alt=\"\" srcset=\"https:\/\/loteriamoia.com\/wp-content\/uploads\/2023\/11\/cabecera_LaQuinielaAJ_topaz.png 334w, https:\/\/loteriamoia.com\/wp-content\/uploads\/2023\/11\/cabecera_LaQuinielaAJ_topaz-300x169.png 300w\" sizes=\"(max-width: 334px) 100vw, 334px\" \/>\t\t\t\t\t\t\t\t\t\t\t\t\t\t\t<\/div>\n\t\t\t\t<\/div>\n\t\t\t\t<div class=\"elementor-element elementor-element-74cc837 elementor-widget elementor-widget-shortcode\" data-id=\"74cc837\" data-element_type=\"widget\" data-e-type=\"widget\" data-widget_type=\"shortcode.default\">\n\t\t\t\t<div class=\"elementor-widget-container\">\n\t\t\t\t\t\t\t<div class=\"elementor-shortcode\"><\/div>\n\t\t\t\t\t\t<\/div>\n\t\t\t\t<\/div>\n\t\t\t\t<\/div>\n\t\t\t\t\t<\/div>\n\t\t\t\t<\/div>\n\t\t\t\t<\/div>\n\t\t","protected":false},"excerpt":{"rendered":"<p>No hi ha dades Veure tots els resultats Participa a la La Quiniela a Moi\u00e0 Vine a la nostra administraci\u00f3 al carrer Sant Antoni o contacta amb nosaltres. CONTACTA AMB NOSALTRES Com es juga a la Quiniela? Cada aposta de La Quiniela consisteix a seleccionar el guanyador de 14 partits de la jornada de futbol [&hellip;]<\/p>\n","protected":false},"author":1,"featured_media":0,"parent":927,"menu_order":0,"comment_status":"closed","ping_status":"closed","template":"","meta":{"footnotes":""},"class_list":["post-918","page","type-page","status-publish","hentry"],"_links":{"self":[{"href":"https:\/\/loteriamoia.com\/es\/wp-json\/wp\/v2\/pages\/918","targetHints":{"allow":["GET"]}}],"collection":[{"href":"https:\/\/loteriamoia.com\/es\/wp-json\/wp\/v2\/pages"}],"about":[{"href":"https:\/\/loteriamoia.com\/es\/wp-json\/wp\/v2\/types\/page"}],"author":[{"embeddable":true,"href":"https:\/\/loteriamoia.com\/es\/wp-json\/wp\/v2\/users\/1"}],"replies":[{"embeddable":true,"href":"https:\/\/loteriamoia.com\/es\/wp-json\/wp\/v2\/comments?post=918"}],"version-history":[{"count":1,"href":"https:\/\/loteriamoia.com\/es\/wp-json\/wp\/v2\/pages\/918\/revisions"}],"predecessor-version":[{"id":934,"href":"https:\/\/loteriamoia.com\/es\/wp-json\/wp\/v2\/pages\/918\/revisions\/934"}],"up":[{"embeddable":true,"href":"https:\/\/loteriamoia.com\/es\/wp-json\/wp\/v2\/pages\/927"}],"wp:attachment":[{"href":"https:\/\/loteriamoia.com\/es\/wp-json\/wp\/v2\/media?parent=918"}],"curies":[{"name":"wp","href":"https:\/\/api.w.org\/{rel}","templated":true}]}}