{"id":921,"date":"2023-11-29T17:00:14","date_gmt":"2023-11-29T16:00:14","guid":{"rendered":"https:\/\/loteriamoia.com\/euromillones\/"},"modified":"2024-11-08T10:10:43","modified_gmt":"2024-11-08T09:10:43","slug":"euromillones","status":"publish","type":"page","link":"https:\/\/loteriamoia.com\/es\/sorteos\/euromillones\/","title":{"rendered":"Euromillones"},"content":{"rendered":"\t\t<div data-elementor-type=\"wp-page\" data-elementor-id=\"921\" class=\"elementor elementor-921 elementor-65\" data-elementor-post-type=\"page\">\n\t\t\t\t<div class=\"elementor-element elementor-element-7a575ac6 e-flex e-con-boxed e-con e-parent\" data-id=\"7a575ac6\" data-element_type=\"container\" data-e-type=\"container\">\n\t\t\t\t\t<div class=\"e-con-inner\">\n\t\t<div class=\"elementor-element elementor-element-7c0a508d e-con-full e-flex e-con e-child\" data-id=\"7c0a508d\" data-element_type=\"container\" data-e-type=\"container\">\n\t\t\t\t<div class=\"elementor-element elementor-element-1f8ed037 elementor-widget elementor-widget-heading\" data-id=\"1f8ed037\" data-element_type=\"widget\" data-e-type=\"widget\" data-widget_type=\"heading.default\">\n\t\t\t\t<div class=\"elementor-widget-container\">\n\t\t\t\t\t<h1 class=\"elementor-heading-title elementor-size-default\">Euromillones<\/h1>\t\t\t\t<\/div>\n\t\t\t\t<\/div>\n\t\t\t\t<div class=\"elementor-element elementor-element-63b7c73e elementor-widget-divider--view-line elementor-widget elementor-widget-divider\" data-id=\"63b7c73e\" data-element_type=\"widget\" data-e-type=\"widget\" data-widget_type=\"divider.default\">\n\t\t\t\t<div class=\"elementor-widget-container\">\n\t\t\t\t\t\t\t<div class=\"elementor-divider\">\n\t\t\t<span class=\"elementor-divider-separator\">\n\t\t\t\t\t\t<\/span>\n\t\t<\/div>\n\t\t\t\t\t\t<\/div>\n\t\t\t\t<\/div>\n\t\t\t\t<\/div>\n\t\t\t\t\t<\/div>\n\t\t\t\t<\/div>\n\t\t<div class=\"elementor-element elementor-element-34dfe15b e-flex e-con-boxed e-con e-parent\" data-id=\"34dfe15b\" data-element_type=\"container\" data-e-type=\"container\">\n\t\t\t\t\t<div class=\"e-con-inner\">\n\t\t<div class=\"elementor-element elementor-element-659687d6 e-flex e-con-boxed e-con e-child\" data-id=\"659687d6\" data-element_type=\"container\" data-e-type=\"container\" data-settings=\"{&quot;background_background&quot;:&quot;classic&quot;}\">\n\t\t\t\t\t<div class=\"e-con-inner\">\n\t\t\t\t<div class=\"elementor-element elementor-element-3222b1d4 elementor-widget elementor-widget-heading\" data-id=\"3222b1d4\" data-element_type=\"widget\" data-e-type=\"widget\" data-widget_type=\"heading.default\">\n\t\t\t\t<div class=\"elementor-widget-container\">\n\t\t\t\t\t<h2 class=\"elementor-heading-title elementor-size-default\">Participa a l'Euromillones a Moi\u00e0<\/h2>\t\t\t\t<\/div>\n\t\t\t\t<\/div>\n\t\t\t\t<div class=\"elementor-element elementor-element-1cb82236 elementor-widget elementor-widget-text-editor\" data-id=\"1cb82236\" data-element_type=\"widget\" data-e-type=\"widget\" data-widget_type=\"text-editor.default\">\n\t\t\t\t<div class=\"elementor-widget-container\">\n\t\t\t\t\t\t\t\t\t<p><b>Vine a la nostra administraci\u00f3 al carrer Sant Antoni<\/b> o contacta amb nosaltres.<\/p>\t\t\t\t\t\t\t\t<\/div>\n\t\t\t\t<\/div>\n\t\t\t\t<div class=\"elementor-element elementor-element-55ab58a5 elementor-widget elementor-widget-button\" data-id=\"55ab58a5\" data-element_type=\"widget\" data-e-type=\"widget\" data-widget_type=\"button.default\">\n\t\t\t\t<div class=\"elementor-widget-container\">\n\t\t\t\t\t\t\t\t\t<div class=\"elementor-button-wrapper\">\n\t\t\t\t\t<a class=\"elementor-button elementor-button-link elementor-size-sm elementor-animation-grow\" href=\"https:\/\/loteriamoia.com\/contacte\/\">\n\t\t\t\t\t\t<span class=\"elementor-button-content-wrapper\">\n\t\t\t\t\t\t\t\t\t<span class=\"elementor-button-text\">CONTACTA AMB NOSALTRES<\/span>\n\t\t\t\t\t<\/span>\n\t\t\t\t\t<\/a>\n\t\t\t\t<\/div>\n\t\t\t\t\t\t\t\t<\/div>\n\t\t\t\t<\/div>\n\t\t\t\t\t<\/div>\n\t\t\t\t<\/div>\n\t\t\t\t\t<\/div>\n\t\t\t\t<\/div>\n\t\t<div class=\"elementor-element elementor-element-7d60e21d e-flex e-con-boxed e-con e-parent\" data-id=\"7d60e21d\" data-element_type=\"container\" data-e-type=\"container\">\n\t\t\t\t\t<div class=\"e-con-inner\">\n\t\t<div class=\"elementor-element elementor-element-4083a257 e-con-full e-flex e-con e-child\" data-id=\"4083a257\" data-element_type=\"container\" data-e-type=\"container\">\n\t\t\t\t<div class=\"elementor-element elementor-element-5f36746d elementor-widget elementor-widget-text-editor\" data-id=\"5f36746d\" data-element_type=\"widget\" data-e-type=\"widget\" data-widget_type=\"text-editor.default\">\n\t\t\t\t<div class=\"elementor-widget-container\">\n\t\t\t\t\t\t\t\t\t<h2>Com jugar a l&#8217;Euromillones<\/h2><p><br \/>Per jugar a l&#8217;Euromillones has de seleccionar un m\u00ednim de 5 n\u00fameros (de l&#8217;1 al 50) i dues estrelles (de l&#8217;1 al 12) per realitzar una aposta.<\/p><p>Pots seleccionar tu mateix els n\u00fameros de cada aposta o demanar-nos de fer-ho autom\u00e0ticament.<\/p><p>El preu de l&#8217;aposta \u00e9s de 2,50\u20ac.<\/p><h2>Tipus d&#8217;apostes\u00a0<\/h2><ul><li><strong>Apostes simples.<\/strong> Es participa al joc amb una \u00fanica aposta formada per 5 n\u00fameros i 2 estrelles.<\/li><li><strong>Apostes m\u00faltiples.<\/strong> Permet seleccionar m\u00e9s de 5 n\u00fameros (fins a un m\u00e0xim de 10) i m\u00e9s de 2 estrelles (fins a 5). El preu de l&#8217;aposta dep\u00e8n del nombre de n\u00fameros seleccionats.\u00a0<\/li><\/ul><h2>Quan es pot jugar a l&#8217;Euromillones?<\/h2><p>Cada setmana se celebren dos sortejos: un el dimarts i l&#8217;altre el divendres. Quan es juga, es pot seleccionar participar en un \u00fanic sorteig o en els dos sortejos de la setmana si encara no s&#8217;han celebrat.<\/p>\t\t\t\t\t\t\t\t<\/div>\n\t\t\t\t<\/div>\n\t\t\t\t<\/div>\n\t\t<div class=\"elementor-element elementor-element-69fd2587 e-con-full e-flex e-con e-child\" data-id=\"69fd2587\" data-element_type=\"container\" data-e-type=\"container\">\n\t\t\t\t<div class=\"elementor-element elementor-element-13134793 elementor-widget elementor-widget-image\" data-id=\"13134793\" data-element_type=\"widget\" data-e-type=\"widget\" data-widget_type=\"image.default\">\n\t\t\t\t<div class=\"elementor-widget-container\">\n\t\t\t\t\t\t\t\t\t\t\t\t\t\t\t<img fetchpriority=\"high\" decoding=\"async\" width=\"241\" height=\"241\" src=\"https:\/\/loteriamoia.com\/wp-content\/uploads\/2023\/11\/cabecera_EuromillonesAJ_topaz.png\" class=\"attachment-large size-large wp-image-879\" alt=\"\" srcset=\"https:\/\/loteriamoia.com\/wp-content\/uploads\/2023\/11\/cabecera_EuromillonesAJ_topaz.png 241w, https:\/\/loteriamoia.com\/wp-content\/uploads\/2023\/11\/cabecera_EuromillonesAJ_topaz-150x150.png 150w\" sizes=\"(max-width: 241px) 100vw, 241px\" \/>\t\t\t\t\t\t\t\t\t\t\t\t\t\t\t<\/div>\n\t\t\t\t<\/div>\n\t\t\t\t<div class=\"elementor-element elementor-element-2825170 elementor-widget elementor-widget-shortcode\" data-id=\"2825170\" data-element_type=\"widget\" data-e-type=\"widget\" data-widget_type=\"shortcode.default\">\n\t\t\t\t<div class=\"elementor-widget-container\">\n\t\t\t\t\t\t\t<div class=\"elementor-shortcode\"><\/div>\n\t\t\t\t\t\t<\/div>\n\t\t\t\t<\/div>\n\t\t\t\t<\/div>\n\t\t\t\t\t<\/div>\n\t\t\t\t<\/div>\n\t\t\t\t<\/div>\n\t\t","protected":false},"excerpt":{"rendered":"<p>08-12-2023 Euromillones 17 30 42 48 50 Estrella 04 Estrella 08 05-12-2023 Euromillones 04 06 20 24 25 Estrella 05 Estrella 09 01-12-2023 Euromillones 04 10 14 38 50 Estrella 09 Estrella 12 Veure tots els resultats Participa a l&#8217;Euromillones a Moi\u00e0 Vine a la nostra administraci\u00f3 al carrer Sant Antoni o contacta amb nosaltres. [&hellip;]<\/p>\n","protected":false},"author":1,"featured_media":0,"parent":927,"menu_order":0,"comment_status":"closed","ping_status":"closed","template":"","meta":{"footnotes":""},"class_list":["post-921","page","type-page","status-publish","hentry"],"_links":{"self":[{"href":"https:\/\/loteriamoia.com\/es\/wp-json\/wp\/v2\/pages\/921","targetHints":{"allow":["GET"]}}],"collection":[{"href":"https:\/\/loteriamoia.com\/es\/wp-json\/wp\/v2\/pages"}],"about":[{"href":"https:\/\/loteriamoia.com\/es\/wp-json\/wp\/v2\/types\/page"}],"author":[{"embeddable":true,"href":"https:\/\/loteriamoia.com\/es\/wp-json\/wp\/v2\/users\/1"}],"replies":[{"embeddable":true,"href":"https:\/\/loteriamoia.com\/es\/wp-json\/wp\/v2\/comments?post=921"}],"version-history":[{"count":1,"href":"https:\/\/loteriamoia.com\/es\/wp-json\/wp\/v2\/pages\/921\/revisions"}],"predecessor-version":[{"id":933,"href":"https:\/\/loteriamoia.com\/es\/wp-json\/wp\/v2\/pages\/921\/revisions\/933"}],"up":[{"embeddable":true,"href":"https:\/\/loteriamoia.com\/es\/wp-json\/wp\/v2\/pages\/927"}],"wp:attachment":[{"href":"https:\/\/loteriamoia.com\/es\/wp-json\/wp\/v2\/media?parent=921"}],"curies":[{"name":"wp","href":"https:\/\/api.w.org\/{rel}","templated":true}]}}