{"id":926,"date":"2023-11-29T16:59:42","date_gmt":"2023-11-29T15:59:42","guid":{"rendered":"https:\/\/loteriamoia.com\/loteria-nacional\/"},"modified":"2024-11-08T10:10:40","modified_gmt":"2024-11-08T09:10:40","slug":"loteria-nacional","status":"publish","type":"page","link":"https:\/\/loteriamoia.com\/es\/sorteos\/loteria-nacional\/","title":{"rendered":"Loter\u00eda Nacional"},"content":{"rendered":"\t\t<div data-elementor-type=\"wp-page\" data-elementor-id=\"926\" class=\"elementor elementor-926 elementor-61\" data-elementor-post-type=\"page\">\n\t\t\t\t<div class=\"elementor-element elementor-element-46d827f e-flex e-con-boxed e-con e-parent\" data-id=\"46d827f\" data-element_type=\"container\" data-e-type=\"container\">\n\t\t\t\t\t<div class=\"e-con-inner\">\n\t\t<div class=\"elementor-element elementor-element-bdadb4c e-con-full e-flex e-con e-child\" data-id=\"bdadb4c\" data-element_type=\"container\" data-e-type=\"container\">\n\t\t\t\t<div class=\"elementor-element elementor-element-601e507 elementor-widget elementor-widget-heading\" data-id=\"601e507\" data-element_type=\"widget\" data-e-type=\"widget\" data-widget_type=\"heading.default\">\n\t\t\t\t<div class=\"elementor-widget-container\">\n\t\t\t\t\t<h1 class=\"elementor-heading-title elementor-size-default\">Loter\u00eda Nacional<\/h1>\t\t\t\t<\/div>\n\t\t\t\t<\/div>\n\t\t\t\t<div class=\"elementor-element elementor-element-e954e39 elementor-widget-divider--view-line elementor-widget elementor-widget-divider\" data-id=\"e954e39\" data-element_type=\"widget\" data-e-type=\"widget\" data-widget_type=\"divider.default\">\n\t\t\t\t<div class=\"elementor-widget-container\">\n\t\t\t\t\t\t\t<div class=\"elementor-divider\">\n\t\t\t<span class=\"elementor-divider-separator\">\n\t\t\t\t\t\t<\/span>\n\t\t<\/div>\n\t\t\t\t\t\t<\/div>\n\t\t\t\t<\/div>\n\t\t\t\t<\/div>\n\t\t\t\t\t<\/div>\n\t\t\t\t<\/div>\n\t\t<div class=\"elementor-element elementor-element-77ed3bd e-flex e-con-boxed e-con e-parent\" data-id=\"77ed3bd\" data-element_type=\"container\" data-e-type=\"container\">\n\t\t\t\t\t<div class=\"e-con-inner\">\n\t\t<div class=\"elementor-element elementor-element-01df840 e-flex e-con-boxed e-con e-child\" data-id=\"01df840\" data-element_type=\"container\" data-e-type=\"container\" data-settings=\"{&quot;background_background&quot;:&quot;classic&quot;}\">\n\t\t\t\t\t<div class=\"e-con-inner\">\n\t\t\t\t<div class=\"elementor-element elementor-element-e109ad1 elementor-widget elementor-widget-heading\" data-id=\"e109ad1\" data-element_type=\"widget\" data-e-type=\"widget\" data-widget_type=\"heading.default\">\n\t\t\t\t<div class=\"elementor-widget-container\">\n\t\t\t\t\t<h2 class=\"elementor-heading-title elementor-size-default\">Participa a la Loteria Nacional a Moi\u00e0<\/h2>\t\t\t\t<\/div>\n\t\t\t\t<\/div>\n\t\t\t\t<div class=\"elementor-element elementor-element-47fb519 elementor-widget elementor-widget-text-editor\" data-id=\"47fb519\" data-element_type=\"widget\" data-e-type=\"widget\" data-widget_type=\"text-editor.default\">\n\t\t\t\t<div class=\"elementor-widget-container\">\n\t\t\t\t\t\t\t\t\t<p><b>Vine a la nostra administraci\u00f3 al carrer Sant Antoni<\/b> o contacta amb nosaltres.<\/p>\t\t\t\t\t\t\t\t<\/div>\n\t\t\t\t<\/div>\n\t\t\t\t<div class=\"elementor-element elementor-element-3d1b993 elementor-widget elementor-widget-button\" data-id=\"3d1b993\" data-element_type=\"widget\" data-e-type=\"widget\" data-widget_type=\"button.default\">\n\t\t\t\t<div class=\"elementor-widget-container\">\n\t\t\t\t\t\t\t\t\t<div class=\"elementor-button-wrapper\">\n\t\t\t\t\t<a class=\"elementor-button elementor-button-link elementor-size-sm elementor-animation-grow\" href=\"https:\/\/loteriamoia.com\/contacte\/\">\n\t\t\t\t\t\t<span class=\"elementor-button-content-wrapper\">\n\t\t\t\t\t\t\t\t\t<span class=\"elementor-button-text\">CONTACTA AMB NOSALTRES<\/span>\n\t\t\t\t\t<\/span>\n\t\t\t\t\t<\/a>\n\t\t\t\t<\/div>\n\t\t\t\t\t\t\t\t<\/div>\n\t\t\t\t<\/div>\n\t\t\t\t\t<\/div>\n\t\t\t\t<\/div>\n\t\t\t\t\t<\/div>\n\t\t\t\t<\/div>\n\t\t<div class=\"elementor-element elementor-element-eda3d66 e-flex e-con-boxed e-con e-parent\" data-id=\"eda3d66\" data-element_type=\"container\" data-e-type=\"container\">\n\t\t\t\t\t<div class=\"e-con-inner\">\n\t\t<div class=\"elementor-element elementor-element-3ee77d2 e-con-full e-flex e-con e-child\" data-id=\"3ee77d2\" data-element_type=\"container\" data-e-type=\"container\">\n\t\t\t\t<div class=\"elementor-element elementor-element-adf3f04 elementor-widget elementor-widget-text-editor\" data-id=\"adf3f04\" data-element_type=\"widget\" data-e-type=\"widget\" data-widget_type=\"text-editor.default\">\n\t\t\t\t<div class=\"elementor-widget-container\">\n\t\t\t\t\t\t\t\t\t<h2 style=\"font-style: normal;\">Com es Juga a la Loteria Nacional?<\/h2><p style=\"font-size: 18px; font-style: normal; font-weight: 400;\">Per participar en la Loteria Nacional, s&#8217;adquireix un d\u00e8cim que representa un n\u00famero del 00.000 al 99.999 en cada sorteig, que es realitza els dissabtes (amb premis m\u00e9s grans) i els dijous (m\u00e9s econ\u00f2mics per\u00f2 amb premis menors).<\/p><h2>Motius per participar<\/h2><ul><li><p><strong>Repartiment Gener\u00f3s:<\/strong> Distribueix el 70% de l&#8217;emissi\u00f3 en premis. Aix\u00f2 es tradueix en premis significatius per d\u00e8cim, amb aproximadament 35 de cada 100 d\u00e8cims rebent algun tipus de premi.<\/p><\/li><li><p><strong>Filosofia de Joc:<\/strong> La seva filosofia se centra a oferir el m\u00e0xim nombre de premis als jugadors, proporcionant aix\u00ed nombroses oportunitats de guanyar premis i optar a grans premis.<\/p><\/li><li><p><strong>Garantia Governamental:<\/strong> Recolzada pel Govern d&#8217;Espanya, la Loteria Nacional ofereix una total garantia en la seva integritat i operaci\u00f3.<\/p><\/li><li><p><strong>Pagament Immediat:<\/strong> Els premis es paguen de manera immediata i en un \u00fanic pagament, agilitzant l&#8217;experi\u00e8ncia del jugador.<\/p><\/li><li><p><strong>Beneficis Socials:<\/strong> Els beneficis obtinguts pel Govern d&#8217;Espanya es destinen a fins socials, contribuint al benestar de la societat.<\/p><\/li><\/ul><h2>Sortejos Especials<\/h2><p>La Loteria Nacional realitza els seg\u00fcents sortejos especials:<\/p><ul><li>Sorteig del Gordo de Nadal<\/li><li>Sorteig del Nen<\/li><li>Sorteig del Gordo d&#8217;estiu<\/li><\/ul><p>Aquests esdeveniments, juntament amb altres sortejos especials mensuals, ofereixen premis substancials i atreuen una \u00e0mplia participaci\u00f3.<\/p>\t\t\t\t\t\t\t\t<\/div>\n\t\t\t\t<\/div>\n\t\t\t\t<\/div>\n\t\t<div class=\"elementor-element elementor-element-b97b759 e-con-full e-flex e-con e-child\" data-id=\"b97b759\" data-element_type=\"container\" data-e-type=\"container\">\n\t\t\t\t<div class=\"elementor-element elementor-element-1bf20d4 elementor-widget elementor-widget-image\" data-id=\"1bf20d4\" data-element_type=\"widget\" data-e-type=\"widget\" data-widget_type=\"image.default\">\n\t\t\t\t<div class=\"elementor-widget-container\">\n\t\t\t\t\t\t\t\t\t\t\t\t\t\t\t<img fetchpriority=\"high\" decoding=\"async\" width=\"534\" height=\"187\" src=\"https:\/\/loteriamoia.com\/wp-content\/uploads\/2023\/11\/cabecera_LoteriaNacionalAJ_topaz.png\" class=\"attachment-large size-large wp-image-876\" alt=\"\" srcset=\"https:\/\/loteriamoia.com\/wp-content\/uploads\/2023\/11\/cabecera_LoteriaNacionalAJ_topaz.png 534w, https:\/\/loteriamoia.com\/wp-content\/uploads\/2023\/11\/cabecera_LoteriaNacionalAJ_topaz-300x105.png 300w\" sizes=\"(max-width: 534px) 100vw, 534px\" \/>\t\t\t\t\t\t\t\t\t\t\t\t\t\t\t<\/div>\n\t\t\t\t<\/div>\n\t\t\t\t<div class=\"elementor-element elementor-element-9078a0f elementor-widget elementor-widget-shortcode\" data-id=\"9078a0f\" data-element_type=\"widget\" data-e-type=\"widget\" data-widget_type=\"shortcode.default\">\n\t\t\t\t<div class=\"elementor-widget-container\">\n\t\t\t\t\t\t\t<div class=\"elementor-shortcode\"><\/div>\n\t\t\t\t\t\t<\/div>\n\t\t\t\t<\/div>\n\t\t\t\t<div class=\"elementor-element elementor-element-1df6c36 elementor-widget elementor-widget-image\" data-id=\"1df6c36\" data-element_type=\"widget\" data-e-type=\"widget\" data-widget_type=\"image.default\">\n\t\t\t\t<div class=\"elementor-widget-container\">\n\t\t\t\t\t\t\t\t\t\t\t\t\t\t\t<img decoding=\"async\" width=\"800\" height=\"539\" src=\"https:\/\/loteriamoia.com\/wp-content\/uploads\/2023\/12\/lot-2__23-1024x690.jpg\" class=\"attachment-large size-large wp-image-903\" alt=\"\" srcset=\"https:\/\/loteriamoia.com\/wp-content\/uploads\/2023\/12\/lot-2__23-1024x690.jpg 1024w, https:\/\/loteriamoia.com\/wp-content\/uploads\/2023\/12\/lot-2__23-300x202.jpg 300w, https:\/\/loteriamoia.com\/wp-content\/uploads\/2023\/12\/lot-2__23-768x518.jpg 768w, https:\/\/loteriamoia.com\/wp-content\/uploads\/2023\/12\/lot-2__23.jpg 1200w\" sizes=\"(max-width: 800px) 100vw, 800px\" \/>\t\t\t\t\t\t\t\t\t\t\t\t\t\t\t<\/div>\n\t\t\t\t<\/div>\n\t\t\t\t<\/div>\n\t\t\t\t\t<\/div>\n\t\t\t\t<\/div>\n\t\t\t\t<\/div>\n\t\t","protected":false},"excerpt":{"rendered":"<p>No hi ha dades Veure tots els resultats Participa a la Loteria Nacional a Moi\u00e0 Vine a la nostra administraci\u00f3 al carrer Sant Antoni o contacta amb nosaltres. CONTACTA AMB NOSALTRES Com es Juga a la Loteria Nacional? Per participar en la Loteria Nacional, s&#8217;adquireix un d\u00e8cim que representa un n\u00famero del 00.000 al 99.999 [&hellip;]<\/p>\n","protected":false},"author":1,"featured_media":0,"parent":927,"menu_order":0,"comment_status":"closed","ping_status":"closed","template":"","meta":{"footnotes":""},"class_list":["post-926","page","type-page","status-publish","hentry"],"_links":{"self":[{"href":"https:\/\/loteriamoia.com\/es\/wp-json\/wp\/v2\/pages\/926","targetHints":{"allow":["GET"]}}],"collection":[{"href":"https:\/\/loteriamoia.com\/es\/wp-json\/wp\/v2\/pages"}],"about":[{"href":"https:\/\/loteriamoia.com\/es\/wp-json\/wp\/v2\/types\/page"}],"author":[{"embeddable":true,"href":"https:\/\/loteriamoia.com\/es\/wp-json\/wp\/v2\/users\/1"}],"replies":[{"embeddable":true,"href":"https:\/\/loteriamoia.com\/es\/wp-json\/wp\/v2\/comments?post=926"}],"version-history":[{"count":1,"href":"https:\/\/loteriamoia.com\/es\/wp-json\/wp\/v2\/pages\/926\/revisions"}],"predecessor-version":[{"id":929,"href":"https:\/\/loteriamoia.com\/es\/wp-json\/wp\/v2\/pages\/926\/revisions\/929"}],"up":[{"embeddable":true,"href":"https:\/\/loteriamoia.com\/es\/wp-json\/wp\/v2\/pages\/927"}],"wp:attachment":[{"href":"https:\/\/loteriamoia.com\/es\/wp-json\/wp\/v2\/media?parent=926"}],"curies":[{"name":"wp","href":"https:\/\/api.w.org\/{rel}","templated":true}]}}