{"id":928,"date":"2023-12-08T12:58:58","date_gmt":"2023-12-08T11:58:58","guid":{"rendered":"https:\/\/loteriamoia.com\/politica-de-privacidad\/"},"modified":"2023-12-08T12:58:58","modified_gmt":"2023-12-08T11:58:58","slug":"politica-de-privacidad","status":"publish","type":"page","link":"https:\/\/loteriamoia.com\/es\/politica-de-privacidad\/","title":{"rendered":"Pol\u00edtica de Privacidad"},"content":{"rendered":"\n<p>De conformidad con lo dispuesto en las normativas vigentes en protecci\u00f3n de datos personales, el Reglamento (UE) 2016\/679 de 27 de abril de 2016 (GDPR) y la Ley Org\u00e1nica (ES) 03\/2018 de 5 de diciembre (LOPD) le informamos que:<\/p>\n\n\n\n<p>La visita de este sitio web no supone que el usuario est\u00e9 obligado a facilitar ninguna informaci\u00f3n sobre s\u00ed mismo, pero durante la visita se podr\u00edan solicitar datos de car\u00e1cter personal a trav\u00e9s de formularios, \u00e9stos ser\u00edan a consecuencia de su voluntad en contactar para recibir informaci\u00f3n sobre los servicios prestados por Parcs i Jardins Catalunya, SL, bien a trav\u00e9s de los formularios disponibles, o bien a trav\u00e9s de un mensaje de correo electr\u00f3nico. Sin embargo, no proporcionar los datos marcados como obligatorios impedir\u00e1 que le podamos dar respuesta a su solicitud. <\/p>\n\n\n\n<p>En caso de que aporte sus datos a trav\u00e9s de un mensaje de correo electr\u00f3nico, el mismo formar\u00e1 parte del mismo tratamiento, la finalidad ser\u00e1 la gesti\u00f3n de la solicitud o comentario que nos realiza, siendo aplicables el resto de extremos indicados en esta Pol\u00edtica de Privacidad.<\/p>\n\n\n\n<p>El Usuario que env\u00eda la informaci\u00f3n a Parcs i Jardins Catalunya, SL es el \u00fanico responsable de la veracidad y correcci\u00f3n de los datos incluidos, exonerando Parcs i Jardins Catalunya, SL de cualquier responsabilidad al respecto.<\/p>\n\n\n\n<p>Los usuarios garantizan y responden, en cualquier caso, de la exactitud, vigencia y autenticidad de los datos personales facilitados, comprometi\u00e9ndose a mantenerlos debidamente actualizados. El usuario acepta proporcionar informaci\u00f3n completa y correcta en todos nuestros formularios. <\/p>\n\n\n\n<h2 class=\"wp-block-heading\">INFORMACI\u00d3N SOBRE LA PROTECCI\u00d3N DE DATOS<\/h2>\n\n\n\n<h3 class=\"wp-block-heading\">Responsable del tratamiento de sus datos<\/h3>\n\n\n\n<p>Identidad: Laia Soler Valldeoriola<\/p>\n\n\n\n<p>CIF: 77746267B<\/p>\n\n\n\n<p>Direcci\u00f3n: C. Sant Antoni, 3, 08180 Moi\u00e0, Barcelona<\/p>\n\n\n\n<p>Tel\u00e9fono: 938 30 00 66<\/p>\n\n\n\n<p>Correo electr\u00f3nico: <a href=\"mailto:loteriesmoia@gmail.com\">loteriesmoia@gmail.com<\/a><\/p>\n\n\n\n<h3 class=\"wp-block-heading\">Finalidad con la que tratamos sus datos<\/h3>\n\n\n\n<p>En Parcs i Jardins Catalunya, SL tratamos la informaci\u00f3n que nos facilitan las personas interesadas (Usuarios de este sitio web) para:<br> (1) Permitir a la empresa realizar encuestas sobre la satisfacci\u00f3n del cliente relacionadas con la calidad de los servicios de la empresa de acuerdo con el inter\u00e9s leg\u00edtimo de la misma.<br>(2) El env\u00edo de comunicaciones comerciales, as\u00ed como el env\u00edo de publicidad sobre servicios de la empresa, o la realizaci\u00f3n de investigaciones de mercado (\u201cMarketing\u201d); (Bajo su consentimiento expreso)<br> Los Datos podr\u00e1n procesarse en copia impresa, por medios autom\u00e1ticos o electr\u00f3nicos, incluidos por correo postal o electr\u00f3nico, tel\u00e9fono (por ejemplo, llamadas telef\u00f3nicas autom\u00e1ticas, SMS, MMS), fax y cualquier otro medio (por ejemplo, sitios web, aplicaciones m\u00f3viles) .<\/p>\n\n\n\n<h3 class=\"wp-block-heading\">Legitimaci\u00f3n para el tratamiento de sus datos<\/h3>\n\n\n\n<p>La Legitimaci\u00f3n est\u00e1n basadas en el inter\u00e9s leg\u00edtimo, as\u00ed como por el consentimiento que se le pide, y que usted nos otorga expl\u00edcitamente con la aceptaci\u00f3n de las casillas disponibles en el apartado \u201cConsentimiento\u201d de esta pol\u00edtica de privacidad.<\/p>\n\n\n\n<h3 class=\"wp-block-heading\">Tiempo de conservaci\u00f3n de sus datos<\/h3>\n\n\n\n<p>Los datos para proporcionar el servicio y la satisfacci\u00f3n del cliente ser\u00e1n conservados por la empresa por el per\u00edodo que se considere estrictamente necesario para cumplir estos prop\u00f3sitos. En cuanto a los datos procesados \u200b\u200bpara la prestaci\u00f3n del servicio, la empresa puede continuar conservando por un per\u00edodo m\u00e1s largo, y seg\u00fan sea necesario para proteger los intereses de la empresa en relaci\u00f3n con la propia responsabilidad.<br> Los datos con fines de Marketing y Elaboraci\u00f3n de Perfiles ser\u00e1n conservados por la empresa desde el momento en que usted dio el consentimiento hasta el momento en que lo revoque. Una vez que el consentimiento sea revocado los datos no ser\u00e1n utilizados para estos fines  <\/p>\n\n\n\n<h3 class=\"wp-block-heading\">Decisiones<\/h3>\n\n\n\n<p>No se tomar\u00e1n decisiones automatizadas.<\/p>\n\n\n\n<h3 class=\"wp-block-heading\">Destinatarios<\/h3>\n\n\n\n<p>Los Datos pueden ser comunicados a terceros para cumplir con obligaciones legales, ejecutar \u00f3rdenes de autoridades p\u00fablicas o ejercitar un derecho de la empresa ante las autoridades judiciales.<\/p>\n\n\n\n<h3 class=\"wp-block-heading\">Derechos<\/h3>\n\n\n\n<p>Puede ejercer los siguientes derechos:<br> 1. Derecho de acceso, significa: derecho a obtener de la empresa si sus datos est\u00e1n siendo tratados y, en su caso, tener acceso a ellos;<\/p>\n\n\n\n<p>2. Derecho a rectificaci\u00f3n y derecho a borrar, significa: derecho a obtener la rectificaci\u00f3n de datos inexactos y\/o incompletos, as\u00ed como el borrado de los datos cuando la solicitud sea leg\u00edtima;<\/p>\n\n\n\n<p>3. Derecho a la restricci\u00f3n del tratamiento, significa: derecho a solicitar la suspensi\u00f3n del tratamiento cuando la solicitud sea leg\u00edtima;<\/p>\n\n\n\n<p>4. Derecho a la portabilidad de los datos significa: derecho a obtener los datos en un formato estructurado, com\u00fanmente utilizado y legible, as\u00ed como derecho a transferir los datos a otros responsables en un formato electr\u00f3nico;<\/p>\n\n\n\n<p>5. Derecho a oponerse, significa: derecho a oponerse al tratamiento de datos cuando la solicitud sea leg\u00edtima, incluso cuando los datos se procesen por Marketing o Elaboraci\u00f3n de Perfiles, si procede.<br> En cualquier caso, si lo considera procedente usted puede formularnos cualquier pregunta relacionada con el tratamiento de sus datos personales, adem\u00e1s tiene derecho a prestar reclamaci\u00f3n ante las autoridades de control competentes que corresponda.&nbsp; ( <a href=\"https:\/\/www.aepd.es\/reglamento\/derechos\/\" target=\"_blank\" rel=\"noreferrer noopener\">AEPD<\/a> )<\/p>\n","protected":false},"excerpt":{"rendered":"<p>De conformidad con lo dispuesto en las normativas vigentes en protecci\u00f3n de datos personales, el Reglamento (UE) 2016\/679 de 27 de abril de 2016 (GDPR) y la Ley Org\u00e1nica (ES) 03\/2018 de 5 de diciembre (LOPD) le informamos que: La visita de este sitio web no supone que el usuario est\u00e9 obligado a facilitar ninguna [&hellip;]<\/p>\n","protected":false},"author":1,"featured_media":0,"parent":0,"menu_order":0,"comment_status":"closed","ping_status":"closed","template":"","meta":{"footnotes":""},"class_list":["post-928","page","type-page","status-publish","hentry"],"_links":{"self":[{"href":"https:\/\/loteriamoia.com\/es\/wp-json\/wp\/v2\/pages\/928","targetHints":{"allow":["GET"]}}],"collection":[{"href":"https:\/\/loteriamoia.com\/es\/wp-json\/wp\/v2\/pages"}],"about":[{"href":"https:\/\/loteriamoia.com\/es\/wp-json\/wp\/v2\/types\/page"}],"author":[{"embeddable":true,"href":"https:\/\/loteriamoia.com\/es\/wp-json\/wp\/v2\/users\/1"}],"replies":[{"embeddable":true,"href":"https:\/\/loteriamoia.com\/es\/wp-json\/wp\/v2\/comments?post=928"}],"version-history":[{"count":0,"href":"https:\/\/loteriamoia.com\/es\/wp-json\/wp\/v2\/pages\/928\/revisions"}],"wp:attachment":[{"href":"https:\/\/loteriamoia.com\/es\/wp-json\/wp\/v2\/media?parent=928"}],"curies":[{"name":"wp","href":"https:\/\/api.w.org\/{rel}","templated":true}]}}